{"id":131,"date":"2021-01-17T18:39:05","date_gmt":"2021-01-17T18:39:05","guid":{"rendered":"https:\/\/ppo.ufzg.hr\/?page_id=131"},"modified":"2021-10-27T12:56:09","modified_gmt":"2021-10-27T12:56:09","slug":"pspk-organizacija-nastave","status":"publish","type":"page","link":"https:\/\/ppo.ufzg.hr\/?page_id=131","title":{"rendered":"PSPK &#8211; Organizacija nastave"},"content":{"rendered":"<p>[et_pb_section fb_built=&#8221;1&#8243; _builder_version=&#8221;4.6.6&#8243; _module_preset=&#8221;default&#8221;][et_pb_row column_structure=&#8221;2_5,3_5&#8243; _builder_version=&#8221;4.6.6&#8243; _module_preset=&#8221;default&#8221;][et_pb_column type=&#8221;2_5&#8243; _builder_version=&#8221;4.6.6&#8243; _module_preset=&#8221;default&#8221;][et_pb_testimonial author=&#8221;Izv. prof. dr. sc. Marina \u0110uranovi\u0107&#8221; job_title=&#8221;voditeljica Modula PSPK&#8221; company_name=&#8221;U\u010diteljski fakultet&#8221; portrait_url=&#8221;data:image\/svg+xml;base64,PHN2ZyB3aWR0aD0iNTAwIiBoZWlnaHQ9IjUwMCIgdmlld0JveD0iMCAwIDUwMCA1MDAiIHhtbG5zPSJodHRwOi8vd3d3LnczLm9yZy8yMDAwL3N2ZyI+CiAgICA8ZyBmaWxsPSJub25lIiBmaWxsLXJ1bGU9ImV2ZW5vZGQiPgogICAgICAgIDxwYXRoIGZpbGw9IiNFQkVCRUIiIGQ9Ik0wIDBoNTAwdjUwMEgweiIvPgogICAgICAgIDxyZWN0IGZpbGwtb3BhY2l0eT0iLjEiIGZpbGw9IiMwMDAiIHg9IjY4IiB5PSIzMDUiIHdpZHRoPSIzNjQiIGhlaWdodD0iNTY4IiByeD0iMTgyIi8+CiAgICAgICAgPGNpcmNsZSBmaWxsLW9wYWNpdHk9Ii4xIiBmaWxsPSIjMDAwIiBjeD0iMjQ5IiBjeT0iMTcyIiByPSIxMDAiLz4KICAgIDwvZz4KPC9zdmc+Cg==&#8221; _builder_version=&#8221;4.6.6&#8243; _module_preset=&#8221;default&#8221;]<\/p>\n<p>Za dodatne informacije mo\u017eete se obratiti voditeljici Programa SPK-a i studentskoj referadi<\/p>\n<p>Izv. prof. dr. sc. Marina \u0110uranovi\u0107, voditeljica Modula PPO; <span><a href=\"mailto:marina.duranovic@ufzg.hr\">marina.duranovic@ufzg.hr<\/a><\/span><\/p>\n<p>Studentska referada \u2013 <span><a href=\"mailto:referada@ufzg.hr\">referada@ufzg.hr<\/a><\/span><\/p>\n<p>[\/et_pb_testimonial][\/et_pb_column][et_pb_column type=&#8221;3_5&#8243; _builder_version=&#8221;4.6.6&#8243; _module_preset=&#8221;default&#8221;][et_pb_text _builder_version=&#8221;4.6.6&#8243; _module_preset=&#8221;default&#8221; text_font=&#8221;Roboto||||||||&#8221; text_font_size=&#8221;21px&#8221;]<\/p>\n<p><strong><em>Nastava<\/em><\/strong><\/p>\n<p>[\/et_pb_text][et_pb_text _builder_version=&#8221;4.6.6&#8243; _module_preset=&#8221;default&#8221; text_font=&#8221;Roboto||||||||&#8221; text_font_size=&#8221;15px&#8221;]<\/p>\n<p>Nastava se organizira petkom u vremenu od 17:00-20:00 i subotom od 9:00-16:00. Polaznici mogu izostati do 30% ukupne nastave svakog predmeta.<\/p>\n<p>[\/et_pb_text][\/et_pb_column][\/et_pb_row][\/et_pb_section]<\/p>\n","protected":false},"excerpt":{"rendered":"<p>[et_pb_section fb_built=&#8221;1&#8243; _builder_version=&#8221;4.6.6&#8243; _module_preset=&#8221;default&#8221;][et_pb_row column_structure=&#8221;2_5,3_5&#8243; _builder_version=&#8221;4.6.6&#8243; _module_preset=&#8221;default&#8221;][et_pb_column type=&#8221;2_5&#8243; _builder_version=&#8221;4.6.6&#8243; _module_preset=&#8221;default&#8221;][et_pb_testimonial author=&#8221;Izv. prof. dr. sc. Marina \u0110uranovi\u0107&#8221; job_title=&#8221;voditeljica Modula PSPK&#8221; company_name=&#8221;U\u010diteljski fakultet&#8221; portrait_url=&#8221;data:image\/svg+xml;base64,PHN2ZyB3aWR0aD0iNTAwIiBoZWlnaHQ9IjUwMCIgdmlld0JveD0iMCAwIDUwMCA1MDAiIHhtbG5zPSJodHRwOi8vd3d3LnczLm9yZy8yMDAwL3N2ZyI+CiAgICA8ZyBmaWxsPSJub25lIiBmaWxsLXJ1bGU9ImV2ZW5vZGQiPgogICAgICAgIDxwYXRoIGZpbGw9IiNFQkVCRUIiIGQ9Ik0wIDBoNTAwdjUwMEgweiIvPgogICAgICAgIDxyZWN0IGZpbGwtb3BhY2l0eT0iLjEiIGZpbGw9IiMwMDAiIHg9IjY4IiB5PSIzMDUiIHdpZHRoPSIzNjQiIGhlaWdodD0iNTY4IiByeD0iMTgyIi8+CiAgICAgICAgPGNpcmNsZSBmaWxsLW9wYWNpdHk9Ii4xIiBmaWxsPSIjMDAwIiBjeD0iMjQ5IiBjeT0iMTcyIiByPSIxMDAiLz4KICAgIDwvZz4KPC9zdmc+Cg==&#8221; _builder_version=&#8221;4.6.6&#8243; _module_preset=&#8221;default&#8221;] Za dodatne informacije mo\u017eete se obratiti voditeljici Programa SPK-a i studentskoj referadi Izv. prof. dr. sc. Marina \u0110uranovi\u0107, voditeljica Modula PPO; marina.duranovic@ufzg.hr Studentska referada \u2013 referada@ufzg.hr [\/et_pb_testimonial][\/et_pb_column][et_pb_column type=&#8221;3_5&#8243; _builder_version=&#8221;4.6.6&#8243; _module_preset=&#8221;default&#8221;][et_pb_text _builder_version=&#8221;4.6.6&#8243; [&hellip;]<\/p>\n","protected":false},"author":1,"featured_media":0,"parent":0,"menu_order":0,"comment_status":"closed","ping_status":"closed","template":"","meta":{"_et_pb_use_builder":"on","_et_pb_old_content":"","_et_gb_content_width":"","footnotes":""},"class_list":["post-131","page","type-page","status-publish","hentry"],"_links":{"self":[{"href":"https:\/\/ppo.ufzg.hr\/index.php?rest_route=\/wp\/v2\/pages\/131","targetHints":{"allow":["GET"]}}],"collection":[{"href":"https:\/\/ppo.ufzg.hr\/index.php?rest_route=\/wp\/v2\/pages"}],"about":[{"href":"https:\/\/ppo.ufzg.hr\/index.php?rest_route=\/wp\/v2\/types\/page"}],"author":[{"embeddable":true,"href":"https:\/\/ppo.ufzg.hr\/index.php?rest_route=\/wp\/v2\/users\/1"}],"replies":[{"embeddable":true,"href":"https:\/\/ppo.ufzg.hr\/index.php?rest_route=%2Fwp%2Fv2%2Fcomments&post=131"}],"version-history":[{"count":3,"href":"https:\/\/ppo.ufzg.hr\/index.php?rest_route=\/wp\/v2\/pages\/131\/revisions"}],"predecessor-version":[{"id":211,"href":"https:\/\/ppo.ufzg.hr\/index.php?rest_route=\/wp\/v2\/pages\/131\/revisions\/211"}],"wp:attachment":[{"href":"https:\/\/ppo.ufzg.hr\/index.php?rest_route=%2Fwp%2Fv2%2Fmedia&parent=131"}],"curies":[{"name":"wp","href":"https:\/\/api.w.org\/{rel}","templated":true}]}}