{"id":88,"date":"2020-12-18T18:20:24","date_gmt":"2020-12-18T18:20:24","guid":{"rendered":"https:\/\/ppo.ufzg.hr\/?page_id=88"},"modified":"2021-01-19T17:32:53","modified_gmt":"2021-01-19T17:32:53","slug":"pspk","status":"publish","type":"page","link":"https:\/\/ppo.ufzg.hr\/?page_id=88","title":{"rendered":"PSPK"},"content":{"rendered":"<p>[et_pb_section fb_built=&#8221;1&#8243; _builder_version=&#8221;4.6.6&#8243; _module_preset=&#8221;default&#8221;][et_pb_row _builder_version=&#8221;4.6.6&#8243; _module_preset=&#8221;default&#8221;][et_pb_column type=&#8221;4_4&#8243; _builder_version=&#8221;4.6.6&#8243; _module_preset=&#8221;default&#8221;][et_pb_text _builder_version=&#8221;4.6.6&#8243; _module_preset=&#8221;default&#8221; text_font=&#8221;Roboto|700|||||||&#8221; text_font_size=&#8221;21px&#8221; border_radii=&#8221;on|1px|1px|1px|1px&#8221;]<\/p>\n<p><strong><em>\u0160to je PSPK?<\/em><\/strong><\/p>\n<p>[\/et_pb_text][\/et_pb_column][\/et_pb_row][et_pb_row column_structure=&#8221;3_4,1_4&#8243; _builder_version=&#8221;4.6.6&#8243; _module_preset=&#8221;default&#8221;][et_pb_column type=&#8221;3_4&#8243; _builder_version=&#8221;4.6.6&#8243; _module_preset=&#8221;default&#8221;][et_pb_text _builder_version=&#8221;4.6.6&#8243; _module_preset=&#8221;default&#8221; text_font=&#8221;Roboto||||||||&#8221; text_font_size=&#8221;16px&#8221; text_letter_spacing=&#8221;1px&#8221;]<\/p>\n<p>PSPK (Program stjecanja pedago\u0161kih kompetencija za strukovne u\u010ditelje, suradnike u nastavi i mentore) je program edukacije za stjecanje pedago\u0161kih kompetencija za obavljanje poslova strukovnog u\u010ditelja i suradnika u nastavi u ustanovama za strukovno obrazovanje, te stjecanje pedago\u0161kih kompetencija mentora za izvo\u0111enje prakti\u010dne nastave i vje\u017ebi kod poslodavca.<\/p>\n<p>[\/et_pb_text][et_pb_text _builder_version=&#8221;4.6.6&#8243; _module_preset=&#8221;default&#8221; text_font=&#8221;Roboto||||||||&#8221; text_font_size=&#8221;21px&#8221;]<\/p>\n<p><strong><em>Za\u0161to upisati PSPK?<\/em><\/strong><\/p>\n<p>[\/et_pb_text][et_pb_text _builder_version=&#8221;4.6.6&#8243; _module_preset=&#8221;default&#8221; text_font=&#8221;Roboto||||||||&#8221; text_font_size=&#8221;17px&#8221; text_letter_spacing=&#8221;1px&#8221;]<\/p>\n<p>Program SPK daje pedago\u0161ke kompetencije koje omogu\u0107avaju rad u ustanovama za strukovno obrazovanje i pru\u017eaju mogu\u0107nost postati mentor za izvo\u0111enje prakti\u010dne nastave i vje\u017ebi kod poslodavca.<\/p>\n<p>[\/et_pb_text][\/et_pb_column][et_pb_column type=&#8221;1_4&#8243; _builder_version=&#8221;4.6.6&#8243; _module_preset=&#8221;default&#8221;][et_pb_blurb title=&#8221;Program PSPK&#8221; use_icon=&#8221;on&#8221; font_icon=&#8221;%%101%%&#8221; _builder_version=&#8221;4.6.6&#8243; _module_preset=&#8221;default&#8221;]<\/p>\n<p>Program SPK traje dva semestra, a njegovim zavr\u0161etkom stje\u010de se 60 ECTS-bodova.<\/p>\n<p>[\/et_pb_blurb][\/et_pb_column][\/et_pb_row][et_pb_row _builder_version=&#8221;4.6.6&#8243; _module_preset=&#8221;default&#8221;][et_pb_column type=&#8221;4_4&#8243; _builder_version=&#8221;4.6.6&#8243; _module_preset=&#8221;default&#8221;][et_pb_team_member name=&#8221;\u0160to na\u0161i biv\u0161i polaznici isti\u010du kao najve\u0107u kvalitetu Programa SPK-a?&#8221; image_url=&#8221;https:\/\/ppo.ufzg.hr\/wp-content\/uploads\/2020\/12\/pexels-gustavo-fring-4173334-scaled.jpg&#8221; _builder_version=&#8221;4.6.6&#8243; _module_preset=&#8221;default&#8221; header_font=&#8221;Roboto||||||||&#8221; header_font_size=&#8221;18px&#8221; body_font=&#8221;Roboto||||||||&#8221; body_font_size=&#8221;15px&#8221; width=&#8221;100%&#8221;]<\/p>\n<ul>\n<li><em>Direktan odnos s profesorima, mogu\u0107nost komentara, razja\u0161njavanje nerazumljivog \u2013 komunikacija.<\/em><\/li>\n<li><em>Daje uvid u potrebna znanja i vje\u0161tine kao i u sve ono \u0161to nas \u010deka u budu\u0107em radu.<\/em><\/li>\n<li><em>Zanimljiva predavanja.<\/em><\/li>\n<li><em>Zaista priprema za rad u obrazovanju.<\/em><\/li>\n<li><em>Stru\u010dni i kvalitetni predava\u010di.<\/em><\/li>\n<\/ul>\n<p>[\/et_pb_team_member][\/et_pb_column][\/et_pb_row][et_pb_row _builder_version=&#8221;4.6.6&#8243; _module_preset=&#8221;default&#8221;][et_pb_column type=&#8221;4_4&#8243; _builder_version=&#8221;4.6.6&#8243; _module_preset=&#8221;default&#8221;][et_pb_text _builder_version=&#8221;4.6.6&#8243; _module_preset=&#8221;default&#8221; text_font=&#8221;Roboto||||||||&#8221; text_font_size=&#8221;20px&#8221;]<\/p>\n<p><strong><em>Tko ima pravo upisa na PSPK?<\/em><\/strong><\/p>\n<p>[\/et_pb_text][\/et_pb_column][\/et_pb_row][et_pb_row _builder_version=&#8221;4.6.6&#8243; _module_preset=&#8221;default&#8221;][et_pb_column type=&#8221;4_4&#8243; _builder_version=&#8221;4.6.6&#8243; _module_preset=&#8221;default&#8221;][et_pb_text _builder_version=&#8221;4.6.6&#8243; _module_preset=&#8221;default&#8221; text_font=&#8221;Roboto||||||||&#8221; text_font_size=&#8221;15px&#8221; text_letter_spacing=&#8221;1px&#8221;]<\/p>\n<p>Pravo upisa Programa SPK imaju sve osobe koje su stekle preduvjete za zapo\u0161ljavanje u ustanovama za strukovno obrazovanje te osobe u radnom odnosu kod poslodavca koje imaju radno iskustvo u zanimanju za koje \u0107e izvoditi prakti\u010dnu nastavu i vje\u017ebe.<\/p>\n<p>[\/et_pb_text][\/et_pb_column][\/et_pb_row][et_pb_row column_structure=&#8221;1_3,2_3&#8243; _builder_version=&#8221;4.6.6&#8243; _module_preset=&#8221;default&#8221;][et_pb_column type=&#8221;1_3&#8243; _builder_version=&#8221;4.6.6&#8243; _module_preset=&#8221;default&#8221;][et_pb_button button_url=&#8221;https:\/\/ppo.ufzg.hr\/?page_id=159&#8243; button_text=&#8221;Ispuni prijavni obrazac&#8221; _builder_version=&#8221;4.6.6&#8243; _module_preset=&#8221;default&#8221; hover_enabled=&#8221;0&#8243; sticky_enabled=&#8221;0&#8243;][\/et_pb_button][et_pb_image src=&#8221;https:\/\/ppo.ufzg.hr\/wp-content\/uploads\/2020\/12\/pexels-rfstudio-3825567-scaled.jpg&#8221; title_text=&#8221;pexels-rfstudio-3825567&#8243; _builder_version=&#8221;4.6.6&#8243; _module_preset=&#8221;default&#8221;][\/et_pb_image][\/et_pb_column][et_pb_column type=&#8221;2_3&#8243; _builder_version=&#8221;4.6.6&#8243; _module_preset=&#8221;default&#8221;][et_pb_text _builder_version=&#8221;4.6.6&#8243; _module_preset=&#8221;default&#8221; text_font=&#8221;Roboto||||||||&#8221; text_font_size=&#8221;20px&#8221;]<\/p>\n<p><strong><em>\u0160to je od dokumenata potrebno za upis?<\/em><\/strong><\/p>\n<p>[\/et_pb_text][et_pb_text _builder_version=&#8221;4.6.6&#8243; _module_preset=&#8221;default&#8221; text_font=&#8221;Roboto||||||||&#8221; min_height=&#8221;382px&#8221; custom_padding=&#8221;||83px|||&#8221;]<\/p>\n<ol>\n<li>Zavr\u0161na svjedo\u017eba srednje \u0161kole, original na uvid i preslika<\/li>\n<li>rodni list, original ili ovjerena preslika ( mo\u017ee iz e-gra\u0111aina)<\/li>\n<li>domovnicu, original ili ovjerena preslika ( mo\u017ee iz e-gra\u0111aina)<\/li>\n<li>preslika osobne iskaznice<\/li>\n<li>potvrdu o upla\u0107enim tro\u0161kovima Programa ( mogu\u0107e je platiti na dvije rate, prva pri upisu od 3.600,00 kn) upla\u0107enih na IBAN ra\u010duna U\u010diteljskog fakulteta u Zagrebu, broj: HR9124020061100639639. Kao svrha doznake upisuje se: \u201etro\u0161kovi upisa za PSPK\u201c, u rubrici \u201emodel\u201c treba upisati: HR00, a u rubrici \u201epoziv na broj\u201c treba upisati: OIB kandidata (vlastiti OIB)<\/li>\n<li>potvrdu o upla\u0107enim tro\u0161kovima upisa u iznosu od 200,00 kn upla\u0107enih na IBAN ra\u010duna U\u010diteljskog fakulteta u Zagrebu, broj: HR9124020061100639639. Kao svrha doznake upisuje se: \u201eupisnina za PSPK\u201c, u rubrici \u201emodel\u201c treba upisati: HR00, a u rubrici \u201epoziv na broj\u201c treba upisati: OIB kandidata (vlastiti OIB)<\/li>\n<li>indeks (kupujete sami na U\u010diteljskom fakultetu Sveu\u010dili\u0161ta u Zagrebu); cijena indeksa je 150,00 kn<\/li>\n<li>dvije fotografije (4 cm x 6 cm)<\/li>\n<\/ol>\n<p>[\/et_pb_text][\/et_pb_column][\/et_pb_row][\/et_pb_section]<\/p>\n","protected":false},"excerpt":{"rendered":"<p>[et_pb_section fb_built=&#8221;1&#8243; _builder_version=&#8221;4.6.6&#8243; _module_preset=&#8221;default&#8221;][et_pb_row _builder_version=&#8221;4.6.6&#8243; _module_preset=&#8221;default&#8221;][et_pb_column type=&#8221;4_4&#8243; _builder_version=&#8221;4.6.6&#8243; _module_preset=&#8221;default&#8221;][et_pb_text _builder_version=&#8221;4.6.6&#8243; _module_preset=&#8221;default&#8221; text_font=&#8221;Roboto|700|||||||&#8221; text_font_size=&#8221;21px&#8221; border_radii=&#8221;on|1px|1px|1px|1px&#8221;] \u0160to je PSPK? [\/et_pb_text][\/et_pb_column][\/et_pb_row][et_pb_row column_structure=&#8221;3_4,1_4&#8243; _builder_version=&#8221;4.6.6&#8243; _module_preset=&#8221;default&#8221;][et_pb_column type=&#8221;3_4&#8243; _builder_version=&#8221;4.6.6&#8243; _module_preset=&#8221;default&#8221;][et_pb_text _builder_version=&#8221;4.6.6&#8243; _module_preset=&#8221;default&#8221; text_font=&#8221;Roboto||||||||&#8221; text_font_size=&#8221;16px&#8221; text_letter_spacing=&#8221;1px&#8221;] PSPK (Program stjecanja pedago\u0161kih kompetencija za strukovne u\u010ditelje, suradnike u nastavi i mentore) je program edukacije za stjecanje pedago\u0161kih kompetencija za obavljanje poslova strukovnog u\u010ditelja i [&hellip;]<\/p>\n","protected":false},"author":1,"featured_media":0,"parent":0,"menu_order":0,"comment_status":"closed","ping_status":"closed","template":"","meta":{"_et_pb_use_builder":"on","_et_pb_old_content":"<!-- wp:divi\/placeholder \/-->","_et_gb_content_width":"","footnotes":""},"class_list":["post-88","page","type-page","status-publish","hentry"],"_links":{"self":[{"href":"https:\/\/ppo.ufzg.hr\/index.php?rest_route=\/wp\/v2\/pages\/88","targetHints":{"allow":["GET"]}}],"collection":[{"href":"https:\/\/ppo.ufzg.hr\/index.php?rest_route=\/wp\/v2\/pages"}],"about":[{"href":"https:\/\/ppo.ufzg.hr\/index.php?rest_route=\/wp\/v2\/types\/page"}],"author":[{"embeddable":true,"href":"https:\/\/ppo.ufzg.hr\/index.php?rest_route=\/wp\/v2\/users\/1"}],"replies":[{"embeddable":true,"href":"https:\/\/ppo.ufzg.hr\/index.php?rest_route=%2Fwp%2Fv2%2Fcomments&post=88"}],"version-history":[{"count":6,"href":"https:\/\/ppo.ufzg.hr\/index.php?rest_route=\/wp\/v2\/pages\/88\/revisions"}],"predecessor-version":[{"id":166,"href":"https:\/\/ppo.ufzg.hr\/index.php?rest_route=\/wp\/v2\/pages\/88\/revisions\/166"}],"wp:attachment":[{"href":"https:\/\/ppo.ufzg.hr\/index.php?rest_route=%2Fwp%2Fv2%2Fmedia&parent=88"}],"curies":[{"name":"wp","href":"https:\/\/api.w.org\/{rel}","templated":true}]}}